{"id":82,"date":"2022-09-14T20:56:48","date_gmt":"2022-09-14T17:56:48","guid":{"rendered":"https:\/\/www.aatarvikepalvelu.fi\/?page_id=82"},"modified":"2026-01-16T11:54:03","modified_gmt":"2026-01-16T09:54:03","slug":"etusivu","status":"publish","type":"page","link":"https:\/\/www.aatarvikepalvelu.fi\/en\/","title":{"rendered":"Home"},"content":{"rendered":"<p>[et_pb_section fb_built=&#8221;1&#8243; _builder_version=&#8221;4.27.5&#8243; _module_preset=&#8221;default&#8221; background_video_mp4=&#8221;https:\/\/www.aatarvikepalvelu.fi\/wp-content\/uploads\/2026\/01\/taivas2.mp4&#8243; global_colors_info=&#8221;{}&#8221;][et_pb_row _builder_version=&#8221;4.27.5&#8243; _module_preset=&#8221;default&#8221; global_colors_info=&#8221;{}&#8221;][et_pb_column type=&#8221;4_4&#8243; _builder_version=&#8221;4.27.5&#8243; _module_preset=&#8221;default&#8221; global_colors_info=&#8221;{}&#8221;][et_pb_text _builder_version=&#8221;4.27.5&#8243; _module_preset=&#8221;default&#8221; text_text_color=&#8221;#FFFFFF&#8221; header_font=&#8221;Cookie||||||||&#8221; header_text_align=&#8221;center&#8221; header_font_size=&#8221;70px&#8221; text_orientation=&#8221;center&#8221; background_layout=&#8221;dark&#8221; header_text_shadow_style=&#8221;preset3&#8243; global_colors_info=&#8221;{}&#8221;]<\/p>\n<h1>Tervetuloa AA-Tarvikepalvelun verkkokauppaan!<\/h1>\n<p>[\/et_pb_text][\/et_pb_column][\/et_pb_row][et_pb_row column_structure=&#8221;1_4,1_4,1_4,1_4&#8243; use_custom_gutter=&#8221;on&#8221; gutter_width=&#8221;1&#8243; make_equal=&#8221;on&#8221; _builder_version=&#8221;4.27.5&#8243; _module_preset=&#8221;default&#8221; custom_css_free_form=&#8221;\/* COLUMN 1 \u2013 musta 0.1 *\/||.hover-column-1 {||    background-color: rgba(0, 0, 0, 0.1);||    transition: background-color 0.3s ease;||}||.hover-column-1:hover {||    background-color: rgba(255, 120, 0, 0.50);||}||||\/* COLUMN 2 \u2013 musta 0.2 *\/||.hover-column-2 {||    background-color: rgba(0, 0, 0, 0.2);||    transition: background-color 0.3s ease;||}||.hover-column-2:hover {||    background-color: rgba(255, 120, 0, 0.50);||}||||\/* COLUMN 3 \u2013 musta 0.3 *\/||.hover-column-3 {||    background-color: rgba(0, 0, 0, 0.3);||    transition: background-color 0.3s ease;||}||.hover-column-3:hover {||    background-color: rgba(255, 120, 0, 0.50);||}||||\/* COLUMN 4 \u2013 musta 0.4 *\/||.hover-column-4 {||    background-color: rgba(0, 0, 0, 0.4);||    transition: background-color 0.3s ease;||}||.hover-column-4:hover {||    background-color: rgba(255, 120, 0, 0.50);||}||||\/* KOKO COLUMN KLIKATTAVAKSI *\/||.hover-column-1 a,||.hover-column-2 a,||.hover-column-3 a,||.hover-column-4 a {||    display: block;||    width: 100%;||    height: 100%;||}||&#8221; global_colors_info=&#8221;{}&#8221;][et_pb_column type=&#8221;1_4&#8243; module_class=&#8221;hover-column-1&#8243; _builder_version=&#8221;4.27.5&#8243; _module_preset=&#8221;default&#8221; global_colors_info=&#8221;{}&#8221;][et_pb_blurb title=&#8221;Ikkunan ilmanvaihtoventtiilien suodattimet&#8221; url=&#8221;https:\/\/www.aatarvikepalvelu.fi\/tuote-osasto\/ilmanvaihtoventtiilien_suodattimet\/&#8221; image=&#8221;https:\/\/www.aatarvikepalvelu.fi\/wp-content\/uploads\/2026\/01\/etusivu_ilmanvaihto_suodattimet.png&#8221; _builder_version=&#8221;4.27.5&#8243; _module_preset=&#8221;default&#8221; header_level=&#8221;h5&#8243; text_orientation=&#8221;center&#8221; background_layout=&#8221;dark&#8221; custom_margin=&#8221;30px||||false|false&#8221; global_colors_info=&#8221;{}&#8221;][\/et_pb_blurb][\/et_pb_column][et_pb_column type=&#8221;1_4&#8243; module_class=&#8221;hover-column-2&#8243; _builder_version=&#8221;4.27.5&#8243; _module_preset=&#8221;default&#8221; global_colors_info=&#8221;{}&#8221;][et_pb_blurb title=&#8221;Ikkunan ilmanvaihtoventtiilien varaosat&#8221; url=&#8221;https:\/\/www.aatarvikepalvelu.fi\/tuote-osasto\/ilmanvaihtoventtiilien_varaosat\/&#8221; image=&#8221;https:\/\/www.aatarvikepalvelu.fi\/wp-content\/uploads\/2026\/01\/etusivu_ilmanvaihto_varaosat.png&#8221; _builder_version=&#8221;4.27.5&#8243; _module_preset=&#8221;default&#8221; header_level=&#8221;h5&#8243; text_orientation=&#8221;center&#8221; background_layout=&#8221;dark&#8221; custom_margin=&#8221;30px||||false|false&#8221; hover_enabled=&#8221;0&#8243; global_colors_info=&#8221;{}&#8221; sticky_enabled=&#8221;0&#8243;][\/et_pb_blurb][\/et_pb_column][et_pb_column type=&#8221;1_4&#8243; module_class=&#8221;hover-column-3&#8243; _builder_version=&#8221;4.27.5&#8243; _module_preset=&#8221;default&#8221; global_colors_info=&#8221;{}&#8221;][et_pb_blurb title=&#8221;Ikkunan s\u00e4lekaihtimen k\u00e4ytt\u00f6mekanismin varaosat&#8221; url=&#8221;https:\/\/www.aatarvikepalvelu.fi\/tuote-osasto\/ikkunan_salekaihtimen_kayttomekanismin_varaosat\/&#8221; image=&#8221;https:\/\/www.aatarvikepalvelu.fi\/wp-content\/uploads\/2026\/01\/etusivu_kaihdin_varaosat.png&#8221; _builder_version=&#8221;4.27.5&#8243; _module_preset=&#8221;default&#8221; header_level=&#8221;h5&#8243; text_orientation=&#8221;center&#8221; background_layout=&#8221;dark&#8221; custom_margin=&#8221;30px||||false|false&#8221; hover_enabled=&#8221;0&#8243; global_colors_info=&#8221;{}&#8221; sticky_enabled=&#8221;0&#8243;][\/et_pb_blurb][\/et_pb_column][et_pb_column type=&#8221;1_4&#8243; module_class=&#8221;hover-column-4&#8243; _builder_version=&#8221;4.27.5&#8243; _module_preset=&#8221;default&#8221; global_colors_info=&#8221;{}&#8221;][et_pb_blurb title=&#8221;Rakentaminen ja remontointi&#8221; url=&#8221;https:\/\/www.aatarvikepalvelu.fi\/tuote-osasto\/rakentaminen_ja_remontointi\/&#8221; image=&#8221;https:\/\/www.aatarvikepalvelu.fi\/wp-content\/uploads\/2026\/01\/etusivu_rakentaminen.png&#8221; _builder_version=&#8221;4.27.5&#8243; _module_preset=&#8221;default&#8221; header_level=&#8221;h5&#8243; text_orientation=&#8221;center&#8221; background_layout=&#8221;dark&#8221; custom_margin=&#8221;30px||||false|false&#8221; hover_enabled=&#8221;0&#8243; global_colors_info=&#8221;{}&#8221; sticky_enabled=&#8221;0&#8243;][\/et_pb_blurb][\/et_pb_column][\/et_pb_row][\/et_pb_section]<\/p>\n","protected":false},"excerpt":{"rendered":"<p>Welcome to the AA-Tarvikepalvelu eShop!<\/p>","protected":false},"author":1,"featured_media":0,"parent":0,"menu_order":0,"comment_status":"closed","ping_status":"closed","template":"","meta":{"_et_pb_use_builder":"on","_et_pb_old_content":"","_et_gb_content_width":"","footnotes":""},"class_list":["post-82","page","type-page","status-publish","hentry"],"_links":{"self":[{"href":"https:\/\/www.aatarvikepalvelu.fi\/en\/wp-json\/wp\/v2\/pages\/82","targetHints":{"allow":["GET"]}}],"collection":[{"href":"https:\/\/www.aatarvikepalvelu.fi\/en\/wp-json\/wp\/v2\/pages"}],"about":[{"href":"https:\/\/www.aatarvikepalvelu.fi\/en\/wp-json\/wp\/v2\/types\/page"}],"author":[{"embeddable":true,"href":"https:\/\/www.aatarvikepalvelu.fi\/en\/wp-json\/wp\/v2\/users\/1"}],"replies":[{"embeddable":true,"href":"https:\/\/www.aatarvikepalvelu.fi\/en\/wp-json\/wp\/v2\/comments?post=82"}],"version-history":[{"count":27,"href":"https:\/\/www.aatarvikepalvelu.fi\/en\/wp-json\/wp\/v2\/pages\/82\/revisions"}],"predecessor-version":[{"id":859,"href":"https:\/\/www.aatarvikepalvelu.fi\/en\/wp-json\/wp\/v2\/pages\/82\/revisions\/859"}],"wp:attachment":[{"href":"https:\/\/www.aatarvikepalvelu.fi\/en\/wp-json\/wp\/v2\/media?parent=82"}],"curies":[{"name":"wp","href":"https:\/\/api.w.org\/{rel}","templated":true}]}}