{"id":510,"date":"2024-09-16T10:54:38","date_gmt":"2024-09-16T07:54:38","guid":{"rendered":"https:\/\/www.aatarvikepalvelu.fi\/?post_type=product&#038;p=510"},"modified":"2025-01-24T10:43:39","modified_gmt":"2025-01-24T08:43:39","slug":"pilarihattu-pyorea-275","status":"publish","type":"product","link":"https:\/\/www.aatarvikepalvelu.fi\/en\/product\/pilarihattu-pyorea-275\/","title":{"rendered":"Round pillar cap"},"content":{"rendered":"<p>Vakio v\u00e4ri valkoinen. Voit maalata pilarihatun muovipohjaisilla maaleilla haluamaasi v\u00e4riin. Poraa reik\u00e4 pilarihatun keskelle 8 mm poralla ja voit kiinnitt\u00e4\u00e4 pilarihatun esim. ruostumattomalla 75x8mm terassiruuvilla (ruuvi ei sis. hintaan).Tai voit vaihtoehtoisesti liimata liimatiiviste massalla hatun kiinni tolppaan.<\/p>","protected":false},"excerpt":{"rendered":"<p>Vakio v\u00e4ri valkoinen. Voit maalata pilarihatun muovipohjaisilla maaleilla haluamaasi v\u00e4riin. Poraa reik\u00e4 pilarihatun keskelle 8 mm poralla ja voit kiinnitt\u00e4\u00e4 pilarihatun esim. ruostumattomalla 75x8mm terassiruuvilla (ruuvi ei sis. hintaan).Tai voit vaihtoehtoisesti liimata liimatiiviste massalla hatun kiinni tolppaan.<\/p>","protected":false},"featured_media":618,"template":"","meta":{"_et_pb_use_builder":"","_et_pb_old_content":"","_et_gb_content_width":""},"product_brand":[],"product_cat":[33],"product_tag":[35,34,36,41,39,38,40,37],"class_list":{"0":"post-510","1":"product","2":"type-product","3":"status-publish","4":"has-post-thumbnail","6":"product_cat-rakentaminen_ja_remontointi","7":"product_tag-aitatolpan-hattu","8":"product_tag-pilarihattu","9":"product_tag-pylvashattu","10":"product_tag-terassipylvaan-suojahattu","11":"product_tag-terassitolpanhattu","12":"product_tag-terassitolpansuoja","13":"product_tag-terassitolpansuojahattu","14":"product_tag-tolpanhattu","16":"first","17":"instock","18":"taxable","19":"shipping-taxable","20":"purchasable","21":"product-type-simple"},"_links":{"self":[{"href":"https:\/\/www.aatarvikepalvelu.fi\/en\/wp-json\/wp\/v2\/product\/510","targetHints":{"allow":["GET"]}}],"collection":[{"href":"https:\/\/www.aatarvikepalvelu.fi\/en\/wp-json\/wp\/v2\/product"}],"about":[{"href":"https:\/\/www.aatarvikepalvelu.fi\/en\/wp-json\/wp\/v2\/types\/product"}],"wp:featuredmedia":[{"embeddable":true,"href":"https:\/\/www.aatarvikepalvelu.fi\/en\/wp-json\/wp\/v2\/media\/618"}],"wp:attachment":[{"href":"https:\/\/www.aatarvikepalvelu.fi\/en\/wp-json\/wp\/v2\/media?parent=510"}],"wp:term":[{"taxonomy":"product_brand","embeddable":true,"href":"https:\/\/www.aatarvikepalvelu.fi\/en\/wp-json\/wp\/v2\/product_brand?post=510"},{"taxonomy":"product_cat","embeddable":true,"href":"https:\/\/www.aatarvikepalvelu.fi\/en\/wp-json\/wp\/v2\/product_cat?post=510"},{"taxonomy":"product_tag","embeddable":true,"href":"https:\/\/www.aatarvikepalvelu.fi\/en\/wp-json\/wp\/v2\/product_tag?post=510"}],"curies":[{"name":"wp","href":"https:\/\/api.w.org\/{rel}","templated":true}]}}