{"id":594,"date":"2025-01-23T12:02:09","date_gmt":"2025-01-23T10:02:09","guid":{"rendered":"https:\/\/www.aatarvikepalvelu.fi\/?post_type=product&#038;p=594"},"modified":"2025-10-06T11:39:59","modified_gmt":"2025-10-06T08:39:59","slug":"a2-integroitu_varaosasarja","status":"publish","type":"product","link":"https:\/\/www.aatarvikepalvelu.fi\/en\/product\/a2-integroitu_varaosasarja\/","title":{"rendered":"A2-integrated venetian blind controller \u2013 complete spare parts kit"},"content":{"rendered":"<p>Angle gear down, intermediate sleeve, rotation sleeve, rotation knob + cover plate, cord holder + cover plate, cable holder, screws.<\/p>\n<p><strong>Please select the correct color before adding to the cart, and specify the window frame thickness in millimeters so that we can provide the correctly sized rotation sleeve for installation.<br \/>\nNOTE! Intermediate parts are always white except for the black version.<\/strong><\/p>\n<p>See the user and installation instructions: <a href=\"https:\/\/www.a1-saadin.com\/#ohjeet\" target=\"_blank\" rel=\"noopener\">www.a1-saadin.com (A2-S\u00e4\u00e4din)<\/a><\/p>","protected":false},"excerpt":{"rendered":"<p>Kulmavaihde alas, v\u00e4liholkki, k\u00e4\u00e4nt\u00f6holkki, k\u00e4\u00e4nt\u00f6nuppi + peitekilpi, narunpidike + peitekilpi, vaijerin pidike, ruuvit. Valitse oikea v\u00e4ri ennen ostoskoriin lis\u00e4\u00e4mist\u00e4, sek\u00e4 ilmoita puitteen vahvuus millimetrein\u00e4, jotta voimme toimittaa oikean mittaisen v\u00e4\u00e4nt\u00f6holkin asennusta varten. HUOM! V\u00e4litilan osat aina valkoisia paitsi mustassa. Katso k\u00e4ytt\u00f6 ja asennusohjeet: www.a1-saadin.com (A2-S\u00e4\u00e4din)<\/p>","protected":false},"featured_media":595,"template":"","meta":{"_et_pb_use_builder":"","_et_pb_old_content":"","_et_gb_content_width":""},"product_brand":[],"product_cat":[46],"product_tag":[53,52,51,44],"class_list":{"0":"post-594","1":"product","2":"type-product","3":"status-publish","4":"has-post-thumbnail","6":"product_cat-ikkunan_salekaihtimen_kayttomekanismin_varaosat","7":"product_tag-integroitu","8":"product_tag-saadin","9":"product_tag-salekaihdin","10":"product_tag-varaosa","11":"pa_varivaihtoehdot-beige","12":"pa_varivaihtoehdot-harmaa","13":"pa_varivaihtoehdot-musta","14":"pa_varivaihtoehdot-ruskea","15":"pa_varivaihtoehdot-valkoinen","17":"first","18":"instock","19":"taxable","20":"shipping-taxable","21":"purchasable","22":"product-type-variable"},"_links":{"self":[{"href":"https:\/\/www.aatarvikepalvelu.fi\/en\/wp-json\/wp\/v2\/product\/594","targetHints":{"allow":["GET"]}}],"collection":[{"href":"https:\/\/www.aatarvikepalvelu.fi\/en\/wp-json\/wp\/v2\/product"}],"about":[{"href":"https:\/\/www.aatarvikepalvelu.fi\/en\/wp-json\/wp\/v2\/types\/product"}],"wp:featuredmedia":[{"embeddable":true,"href":"https:\/\/www.aatarvikepalvelu.fi\/en\/wp-json\/wp\/v2\/media\/595"}],"wp:attachment":[{"href":"https:\/\/www.aatarvikepalvelu.fi\/en\/wp-json\/wp\/v2\/media?parent=594"}],"wp:term":[{"taxonomy":"product_brand","embeddable":true,"href":"https:\/\/www.aatarvikepalvelu.fi\/en\/wp-json\/wp\/v2\/product_brand?post=594"},{"taxonomy":"product_cat","embeddable":true,"href":"https:\/\/www.aatarvikepalvelu.fi\/en\/wp-json\/wp\/v2\/product_cat?post=594"},{"taxonomy":"product_tag","embeddable":true,"href":"https:\/\/www.aatarvikepalvelu.fi\/en\/wp-json\/wp\/v2\/product_tag?post=594"}],"curies":[{"name":"wp","href":"https:\/\/api.w.org\/{rel}","templated":true}]}}