{"id":604,"date":"2025-01-23T14:43:47","date_gmt":"2025-01-23T12:43:47","guid":{"rendered":"https:\/\/www.aatarvikepalvelu.fi\/?post_type=product&#038;p=604"},"modified":"2025-01-24T14:26:41","modified_gmt":"2025-01-24T12:26:41","slug":"salekaihtimen_narunpidike","status":"publish","type":"product","link":"https:\/\/www.aatarvikepalvelu.fi\/en\/product\/salekaihtimen_narunpidike\/","title":{"rendered":"Venetian blind cord holder (5 pcs \/ pack)"},"content":{"rendered":"<p>Cord holder + cover cap + screw. <strong>5 pcs \/ pack.<\/strong><br \/>\nScrew the cord cleat into the window frame and then attach the cover cap.<\/p>\n<p><strong>Select the correct color before adding to the shopping cart.<\/strong><\/p>","protected":false},"excerpt":{"rendered":"<p>Narunpidike + peitekilpi + ruuvi. 5 kpl \/ pss. Ruuvataan puitteeseen ja asennetaan peitekilpi paikoilleen. Valitse oikea v\u00e4ri ennen ostoskoriin lis\u00e4\u00e4mist\u00e4.<\/p>","protected":false},"featured_media":610,"template":"","meta":{"_et_pb_use_builder":"","_et_pb_old_content":"","_et_gb_content_width":""},"product_brand":[],"product_cat":[46],"product_tag":[53,52,51,44],"class_list":{"0":"post-604","1":"product","2":"type-product","3":"status-publish","4":"has-post-thumbnail","6":"product_cat-ikkunan_salekaihtimen_kayttomekanismin_varaosat","7":"product_tag-integroitu","8":"product_tag-saadin","9":"product_tag-salekaihdin","10":"product_tag-varaosa","11":"pa_varivaihtoehdot-beige","12":"pa_varivaihtoehdot-harmaa","13":"pa_varivaihtoehdot-musta","14":"pa_varivaihtoehdot-ruskea","15":"pa_varivaihtoehdot-valkoinen","17":"first","18":"instock","19":"taxable","20":"shipping-taxable","21":"purchasable","22":"product-type-variable"},"_links":{"self":[{"href":"https:\/\/www.aatarvikepalvelu.fi\/en\/wp-json\/wp\/v2\/product\/604","targetHints":{"allow":["GET"]}}],"collection":[{"href":"https:\/\/www.aatarvikepalvelu.fi\/en\/wp-json\/wp\/v2\/product"}],"about":[{"href":"https:\/\/www.aatarvikepalvelu.fi\/en\/wp-json\/wp\/v2\/types\/product"}],"wp:featuredmedia":[{"embeddable":true,"href":"https:\/\/www.aatarvikepalvelu.fi\/en\/wp-json\/wp\/v2\/media\/610"}],"wp:attachment":[{"href":"https:\/\/www.aatarvikepalvelu.fi\/en\/wp-json\/wp\/v2\/media?parent=604"}],"wp:term":[{"taxonomy":"product_brand","embeddable":true,"href":"https:\/\/www.aatarvikepalvelu.fi\/en\/wp-json\/wp\/v2\/product_brand?post=604"},{"taxonomy":"product_cat","embeddable":true,"href":"https:\/\/www.aatarvikepalvelu.fi\/en\/wp-json\/wp\/v2\/product_cat?post=604"},{"taxonomy":"product_tag","embeddable":true,"href":"https:\/\/www.aatarvikepalvelu.fi\/en\/wp-json\/wp\/v2\/product_tag?post=604"}],"curies":[{"name":"wp","href":"https:\/\/api.w.org\/{rel}","templated":true}]}}