{"id":611,"date":"2025-01-23T14:54:48","date_gmt":"2025-01-23T12:54:48","guid":{"rendered":"https:\/\/www.aatarvikepalvelu.fi\/?post_type=product&#038;p=611"},"modified":"2025-01-24T14:18:25","modified_gmt":"2025-01-24T12:18:25","slug":"salekaihtimen-kotelon-muovikannake-kiinnike-5-kpl-pss","status":"publish","type":"product","link":"https:\/\/www.aatarvikepalvelu.fi\/en\/product\/salekaihtimen-kotelon-muovikannake-kiinnike-5-kpl-pss\/","title":{"rendered":"Plastic bracket \/ fastener for a venetian blind casing (5 pcs \/ pack)"},"content":{"rendered":"<p>Durable plastic bracket. Installed onto the venetian blind casing. <strong>5 pcs \/ pack.<\/strong><\/p>","protected":false},"excerpt":{"rendered":"<p>Kest\u00e4v\u00e4 muovinen kannake. Asennetaan s\u00e4lekaihtimen koteloon. 5 kpl \/ pss.<\/p>","protected":false},"featured_media":612,"template":"","meta":{"_et_pb_use_builder":"","_et_pb_old_content":"","_et_gb_content_width":""},"product_brand":[],"product_cat":[46],"product_tag":[52,51,44],"class_list":{"0":"post-611","1":"product","2":"type-product","3":"status-publish","4":"has-post-thumbnail","6":"product_cat-ikkunan_salekaihtimen_kayttomekanismin_varaosat","7":"product_tag-saadin","8":"product_tag-salekaihdin","9":"product_tag-varaosa","11":"first","12":"instock","13":"taxable","14":"shipping-taxable","15":"purchasable","16":"product-type-simple"},"_links":{"self":[{"href":"https:\/\/www.aatarvikepalvelu.fi\/en\/wp-json\/wp\/v2\/product\/611","targetHints":{"allow":["GET"]}}],"collection":[{"href":"https:\/\/www.aatarvikepalvelu.fi\/en\/wp-json\/wp\/v2\/product"}],"about":[{"href":"https:\/\/www.aatarvikepalvelu.fi\/en\/wp-json\/wp\/v2\/types\/product"}],"wp:featuredmedia":[{"embeddable":true,"href":"https:\/\/www.aatarvikepalvelu.fi\/en\/wp-json\/wp\/v2\/media\/612"}],"wp:attachment":[{"href":"https:\/\/www.aatarvikepalvelu.fi\/en\/wp-json\/wp\/v2\/media?parent=611"}],"wp:term":[{"taxonomy":"product_brand","embeddable":true,"href":"https:\/\/www.aatarvikepalvelu.fi\/en\/wp-json\/wp\/v2\/product_brand?post=611"},{"taxonomy":"product_cat","embeddable":true,"href":"https:\/\/www.aatarvikepalvelu.fi\/en\/wp-json\/wp\/v2\/product_cat?post=611"},{"taxonomy":"product_tag","embeddable":true,"href":"https:\/\/www.aatarvikepalvelu.fi\/en\/wp-json\/wp\/v2\/product_tag?post=611"}],"curies":[{"name":"wp","href":"https:\/\/api.w.org\/{rel}","templated":true}]}}