{"id":613,"date":"2025-01-23T14:55:29","date_gmt":"2025-01-23T12:55:29","guid":{"rendered":"https:\/\/www.aatarvikepalvelu.fi\/?post_type=product&#038;p=613"},"modified":"2025-01-24T14:18:47","modified_gmt":"2025-01-24T12:18:47","slug":"salekaihtimen-kotelon-muovikannakkeen-korokepala-5-kpl-pss","status":"publish","type":"product","link":"https:\/\/www.aatarvikepalvelu.fi\/en\/product\/salekaihtimen-kotelon-muovikannakkeen-korokepala-5-kpl-pss\/","title":{"rendered":"Plastic bracket spacer head for a venetian blind casing (5 pcs \/ pack)"},"content":{"rendered":"<p>A durable spacer head for a plastic bracket. For example, if the glazing bead extends beyond the surface of the frame, the spacer can be used to raise the bracket further away from the frame. <strong>5 pcs \/ pack.<\/strong><\/p>","protected":false},"excerpt":{"rendered":"<p>Kest\u00e4v\u00e4 muovisen kannakkeen korokepala. Jos esimerkiksi lasituslista ylitt\u00e4\u00e4 puitteen pinnasta voidaan palalla korottaa kannaketta kauemmaksi puitteesta. 5 kpl \/ pss.<\/p>","protected":false},"featured_media":614,"template":"","meta":{"_et_pb_use_builder":"","_et_pb_old_content":"","_et_gb_content_width":""},"product_brand":[],"product_cat":[46],"product_tag":[52,51,44],"class_list":{"0":"post-613","1":"product","2":"type-product","3":"status-publish","4":"has-post-thumbnail","6":"product_cat-ikkunan_salekaihtimen_kayttomekanismin_varaosat","7":"product_tag-saadin","8":"product_tag-salekaihdin","9":"product_tag-varaosa","11":"first","12":"instock","13":"taxable","14":"shipping-taxable","15":"purchasable","16":"product-type-simple"},"_links":{"self":[{"href":"https:\/\/www.aatarvikepalvelu.fi\/en\/wp-json\/wp\/v2\/product\/613","targetHints":{"allow":["GET"]}}],"collection":[{"href":"https:\/\/www.aatarvikepalvelu.fi\/en\/wp-json\/wp\/v2\/product"}],"about":[{"href":"https:\/\/www.aatarvikepalvelu.fi\/en\/wp-json\/wp\/v2\/types\/product"}],"wp:featuredmedia":[{"embeddable":true,"href":"https:\/\/www.aatarvikepalvelu.fi\/en\/wp-json\/wp\/v2\/media\/614"}],"wp:attachment":[{"href":"https:\/\/www.aatarvikepalvelu.fi\/en\/wp-json\/wp\/v2\/media?parent=613"}],"wp:term":[{"taxonomy":"product_brand","embeddable":true,"href":"https:\/\/www.aatarvikepalvelu.fi\/en\/wp-json\/wp\/v2\/product_brand?post=613"},{"taxonomy":"product_cat","embeddable":true,"href":"https:\/\/www.aatarvikepalvelu.fi\/en\/wp-json\/wp\/v2\/product_cat?post=613"},{"taxonomy":"product_tag","embeddable":true,"href":"https:\/\/www.aatarvikepalvelu.fi\/en\/wp-json\/wp\/v2\/product_tag?post=613"}],"curies":[{"name":"wp","href":"https:\/\/api.w.org\/{rel}","templated":true}]}}